{"id":2636,"date":"2024-04-22T13:49:47","date_gmt":"2024-04-22T11:49:47","guid":{"rendered":"https:\/\/www.anantaraspa-rome.com\/body-activities\/"},"modified":"2025-06-02T10:25:35","modified_gmt":"2025-06-02T08:25:35","slug":"body-activities","status":"publish","type":"page","link":"https:\/\/www.anantaraspa-rome.com\/it\/body-activities\/","title":{"rendered":"Body Activities"},"content":{"rendered":"\t\t<div data-elementor-type=\"wp-page\" data-elementor-id=\"2636\" class=\"elementor elementor-2636 elementor-2236\" data-elementor-post-type=\"page\">\n\t\t\t\t\t\t<section class=\"elementor-section elementor-top-section elementor-element elementor-element-edb8252 block-intro elementor-section-boxed elementor-section-height-default elementor-section-height-default\" data-id=\"edb8252\" data-element_type=\"section\" data-e-type=\"section\">\n\t\t\t\t\t\t<div class=\"elementor-container elementor-column-gap-default\">\n\t\t\t\t\t<div class=\"elementor-column elementor-col-100 elementor-top-column elementor-element elementor-element-ce2bca5\" data-id=\"ce2bca5\" data-element_type=\"column\" data-e-type=\"column\">\n\t\t\t<div class=\"elementor-widget-wrap elementor-element-populated\">\n\t\t\t\t\t\t<section class=\"elementor-section elementor-inner-section elementor-element elementor-element-a694a30 elementor-section-boxed elementor-section-height-default elementor-section-height-default\" data-id=\"a694a30\" data-element_type=\"section\" data-e-type=\"section\">\n\t\t\t\t\t\t<div class=\"elementor-container elementor-column-gap-default\">\n\t\t\t\t\t<div class=\"elementor-column elementor-col-33 elementor-inner-column elementor-element elementor-element-7646763\" data-id=\"7646763\" data-element_type=\"column\" data-e-type=\"column\">\n\t\t\t<div class=\"elementor-widget-wrap\">\n\t\t\t\t\t\t\t<\/div>\n\t\t<\/div>\n\t\t\t\t<div class=\"elementor-column elementor-col-33 elementor-inner-column elementor-element elementor-element-392515d\" data-id=\"392515d\" data-element_type=\"column\" data-e-type=\"column\">\n\t\t\t<div class=\"elementor-widget-wrap elementor-element-populated\">\n\t\t\t\t\t\t<div class=\"elementor-element elementor-element-c0a9f11 elementor-widget elementor-widget-heading\" data-id=\"c0a9f11\" data-element_type=\"widget\" data-e-type=\"widget\" data-widget_type=\"heading.default\">\n\t\t\t\t<div class=\"elementor-widget-container\">\n\t\t\t\t\t<h1 class=\"elementor-heading-title elementor-size-default\">Body Activities<\/h1>\t\t\t\t<\/div>\n\t\t\t\t<\/div>\n\t\t\t\t<div class=\"elementor-element elementor-element-ad1ba40 elementor-widget elementor-widget-text-editor\" data-id=\"ad1ba40\" data-element_type=\"widget\" data-e-type=\"widget\" data-widget_type=\"text-editor.default\">\n\t\t\t\t<div class=\"elementor-widget-container\">\n\t\t\t\t\t\t\t\t\tPrevia disponibilit\u00e0 e prenotazione\n\t\t\t\t\t\t\t\t<\/div>\n\t\t\t\t<\/div>\n\t\t\t\t\t<\/div>\n\t\t<\/div>\n\t\t\t\t<div class=\"elementor-column elementor-col-33 elementor-inner-column elementor-element elementor-element-e9d14ce\" data-id=\"e9d14ce\" data-element_type=\"column\" data-e-type=\"column\">\n\t\t\t<div class=\"elementor-widget-wrap\">\n\t\t\t\t\t\t\t<\/div>\n\t\t<\/div>\n\t\t\t\t\t<\/div>\n\t\t<\/section>\n\t\t\t\t\t<\/div>\n\t\t<\/div>\n\t\t\t\t\t<\/div>\n\t\t<\/section>\n\t\t\t\t<section class=\"elementor-section elementor-top-section elementor-element elementor-element-3a78dab elementor-section-boxed elementor-section-height-default elementor-section-height-default elementor-invisible\" data-id=\"3a78dab\" data-element_type=\"section\" data-e-type=\"section\" data-settings=\"{&quot;animation&quot;:&quot;fadeIn&quot;}\">\n\t\t\t\t\t\t<div class=\"elementor-container elementor-column-gap-default\">\n\t\t\t\t\t<div class=\"elementor-column elementor-col-100 elementor-top-column elementor-element elementor-element-90c39b3\" data-id=\"90c39b3\" data-element_type=\"column\" data-e-type=\"column\">\n\t\t\t<div class=\"elementor-widget-wrap elementor-element-populated\">\n\t\t\t\t\t\t<section class=\"elementor-section elementor-inner-section elementor-element elementor-element-fcc06ca block-image elementor-section-boxed elementor-section-height-default elementor-section-height-default\" data-id=\"fcc06ca\" data-element_type=\"section\" data-e-type=\"section\">\n\t\t\t\t\t\t<div class=\"elementor-container elementor-column-gap-default\">\n\t\t\t\t\t<div class=\"elementor-column elementor-col-50 elementor-inner-column elementor-element elementor-element-833f95f\" data-id=\"833f95f\" data-element_type=\"column\" data-e-type=\"column\">\n\t\t\t<div class=\"elementor-widget-wrap elementor-element-populated\">\n\t\t\t\t\t\t<div class=\"elementor-element elementor-element-305ab22 elementor-widget elementor-widget-image\" data-id=\"305ab22\" data-element_type=\"widget\" data-e-type=\"widget\" data-widget_type=\"image.default\">\n\t\t\t\t<div class=\"elementor-widget-container\">\n\t\t\t\t\t\t\t\t\t\t\t\t\t\t\t<img fetchpriority=\"high\" decoding=\"async\" width=\"1920\" height=\"1281\" src=\"https:\/\/www.anantaraspa-rome.com\/wp-content\/uploads\/2024\/04\/Anantara_Palazzo_Naiadi_Fitness_Centre_Gym.jpg\" class=\"attachment-full size-full wp-image-2637\" alt=\"\" srcset=\"https:\/\/www.anantaraspa-rome.com\/wp-content\/uploads\/2024\/04\/Anantara_Palazzo_Naiadi_Fitness_Centre_Gym.jpg 1920w, https:\/\/www.anantaraspa-rome.com\/wp-content\/uploads\/2024\/04\/Anantara_Palazzo_Naiadi_Fitness_Centre_Gym-300x200.jpg 300w, https:\/\/www.anantaraspa-rome.com\/wp-content\/uploads\/2024\/04\/Anantara_Palazzo_Naiadi_Fitness_Centre_Gym-1024x683.jpg 1024w, https:\/\/www.anantaraspa-rome.com\/wp-content\/uploads\/2024\/04\/Anantara_Palazzo_Naiadi_Fitness_Centre_Gym-768x512.jpg 768w, https:\/\/www.anantaraspa-rome.com\/wp-content\/uploads\/2024\/04\/Anantara_Palazzo_Naiadi_Fitness_Centre_Gym-1536x1025.jpg 1536w\" sizes=\"(max-width: 1920px) 100vw, 1920px\" \/>\t\t\t\t\t\t\t\t\t\t\t\t\t\t\t<\/div>\n\t\t\t\t<\/div>\n\t\t\t\t\t<\/div>\n\t\t<\/div>\n\t\t\t\t<div class=\"elementor-column elementor-col-50 elementor-inner-column elementor-element elementor-element-2b19dc8\" data-id=\"2b19dc8\" data-element_type=\"column\" data-e-type=\"column\">\n\t\t\t<div class=\"elementor-widget-wrap elementor-element-populated\">\n\t\t\t\t\t\t<div class=\"elementor-element elementor-element-97e2a99 elementor-widget elementor-widget-heading\" data-id=\"97e2a99\" data-element_type=\"widget\" data-e-type=\"widget\" data-widget_type=\"heading.default\">\n\t\t\t\t<div class=\"elementor-widget-container\">\n\t\t\t\t\t<h2 class=\"elementor-heading-title elementor-size-medium\">PERSONAL TRAINER ONE TO ONE \n<\/h2>\t\t\t\t<\/div>\n\t\t\t\t<\/div>\n\t\t\t\t<div class=\"elementor-element elementor-element-398f058 elementor-widget elementor-widget-heading\" data-id=\"398f058\" data-element_type=\"widget\" data-e-type=\"widget\" data-widget_type=\"heading.default\">\n\t\t\t\t<div class=\"elementor-widget-container\">\n\t\t\t\t\t<h5 class=\"elementor-heading-title elementor-size-default\">60 minuti, EUR 120 \n<\/h5>\t\t\t\t<\/div>\n\t\t\t\t<\/div>\n\t\t\t\t<div class=\"elementor-element elementor-element-c1ee148 elementor-widget elementor-widget-text-editor\" data-id=\"c1ee148\" data-element_type=\"widget\" data-e-type=\"widget\" data-widget_type=\"text-editor.default\">\n\t\t\t\t<div class=\"elementor-widget-container\">\n\t\t\t\t\t\t\t\t\t<p>Consapevoli e convinti che ogni fisico abbia le proprie caratteristiche. Per questo abbiamo selezionato alcuni dei migliori personal trainer italiani i quali sono disponibili per personalizzare ogni allenamento.<\/p>\t\t\t\t\t\t\t\t<\/div>\n\t\t\t\t<\/div>\n\t\t\t\t\t<\/div>\n\t\t<\/div>\n\t\t\t\t\t<\/div>\n\t\t<\/section>\n\t\t\t\t\t<\/div>\n\t\t<\/div>\n\t\t\t\t\t<\/div>\n\t\t<\/section>\n\t\t\t\t<section class=\"elementor-section elementor-top-section elementor-element elementor-element-8bc9d99 elementor-section-boxed elementor-section-height-default elementor-section-height-default elementor-invisible\" data-id=\"8bc9d99\" data-element_type=\"section\" data-e-type=\"section\" data-settings=\"{&quot;animation&quot;:&quot;fadeIn&quot;}\">\n\t\t\t\t\t\t<div class=\"elementor-container elementor-column-gap-default\">\n\t\t\t\t\t<div class=\"elementor-column elementor-col-100 elementor-top-column elementor-element elementor-element-233a4be\" data-id=\"233a4be\" data-element_type=\"column\" data-e-type=\"column\">\n\t\t\t<div class=\"elementor-widget-wrap elementor-element-populated\">\n\t\t\t\t\t\t<section class=\"elementor-section elementor-inner-section elementor-element elementor-element-46c9777 block-image elementor-reverse-tablet elementor-reverse-mobile elementor-section-boxed elementor-section-height-default elementor-section-height-default\" data-id=\"46c9777\" data-element_type=\"section\" data-e-type=\"section\">\n\t\t\t\t\t\t<div class=\"elementor-container elementor-column-gap-default\">\n\t\t\t\t\t<div class=\"elementor-column elementor-col-50 elementor-inner-column elementor-element elementor-element-0623119\" data-id=\"0623119\" data-element_type=\"column\" data-e-type=\"column\">\n\t\t\t<div class=\"elementor-widget-wrap elementor-element-populated\">\n\t\t\t\t\t\t<div class=\"elementor-element elementor-element-f0ca54a elementor-widget elementor-widget-heading\" data-id=\"f0ca54a\" data-element_type=\"widget\" data-e-type=\"widget\" data-widget_type=\"heading.default\">\n\t\t\t\t<div class=\"elementor-widget-container\">\n\t\t\t\t\t<h2 class=\"elementor-heading-title elementor-size-medium\">PERSONAL RUNNER \n<\/h2>\t\t\t\t<\/div>\n\t\t\t\t<\/div>\n\t\t\t\t<div class=\"elementor-element elementor-element-db924c1 elementor-widget elementor-widget-heading\" data-id=\"db924c1\" data-element_type=\"widget\" data-e-type=\"widget\" data-widget_type=\"heading.default\">\n\t\t\t\t<div class=\"elementor-widget-container\">\n\t\t\t\t\t<h5 class=\"elementor-heading-title elementor-size-default\">60 minuti, EUR 120 \n<\/h5>\t\t\t\t<\/div>\n\t\t\t\t<\/div>\n\t\t\t\t<div class=\"elementor-element elementor-element-96f3dd1 elementor-widget elementor-widget-text-editor\" data-id=\"96f3dd1\" data-element_type=\"widget\" data-e-type=\"widget\" data-widget_type=\"text-editor.default\">\n\t\t\t\t<div class=\"elementor-widget-container\">\n\t\t\t\t\t\t\t\t\t<p>Il servizio di personal runner offre la possibilit\u00e0 di scegliere il numero di chilometri da percorrere, i monumenti da vedere e di attraversare il centro storico di Roma in compagnia di un professionista.<\/p>\t\t\t\t\t\t\t\t<\/div>\n\t\t\t\t<\/div>\n\t\t\t\t\t<\/div>\n\t\t<\/div>\n\t\t\t\t<div class=\"elementor-column elementor-col-50 elementor-inner-column elementor-element elementor-element-d8631a8\" data-id=\"d8631a8\" data-element_type=\"column\" data-e-type=\"column\">\n\t\t\t<div class=\"elementor-widget-wrap elementor-element-populated\">\n\t\t\t\t\t\t<div class=\"elementor-element elementor-element-5c05f08 elementor-widget elementor-widget-image\" data-id=\"5c05f08\" data-element_type=\"widget\" data-e-type=\"widget\" data-widget_type=\"image.default\">\n\t\t\t\t<div class=\"elementor-widget-container\">\n\t\t\t\t\t\t\t\t\t\t\t\t\t\t\t<img decoding=\"async\" width=\"2000\" height=\"1414\" src=\"https:\/\/www.anantaraspa-rome.com\/wp-content\/uploads\/2024\/04\/Anantara-Spa-Running.jpg\" class=\"attachment-full size-full wp-image-2239\" alt=\"\" srcset=\"https:\/\/www.anantaraspa-rome.com\/wp-content\/uploads\/2024\/04\/Anantara-Spa-Running.jpg 2000w, https:\/\/www.anantaraspa-rome.com\/wp-content\/uploads\/2024\/04\/Anantara-Spa-Running-300x212.jpg 300w, https:\/\/www.anantaraspa-rome.com\/wp-content\/uploads\/2024\/04\/Anantara-Spa-Running-1024x724.jpg 1024w, https:\/\/www.anantaraspa-rome.com\/wp-content\/uploads\/2024\/04\/Anantara-Spa-Running-768x543.jpg 768w, https:\/\/www.anantaraspa-rome.com\/wp-content\/uploads\/2024\/04\/Anantara-Spa-Running-1536x1086.jpg 1536w\" sizes=\"(max-width: 2000px) 100vw, 2000px\" \/>\t\t\t\t\t\t\t\t\t\t\t\t\t\t\t<\/div>\n\t\t\t\t<\/div>\n\t\t\t\t\t<\/div>\n\t\t<\/div>\n\t\t\t\t\t<\/div>\n\t\t<\/section>\n\t\t\t\t\t<\/div>\n\t\t<\/div>\n\t\t\t\t\t<\/div>\n\t\t<\/section>\n\t\t\t\t<section class=\"elementor-section elementor-top-section elementor-element elementor-element-3dd40d8 elementor-section-boxed elementor-section-height-default elementor-section-height-default\" data-id=\"3dd40d8\" data-element_type=\"section\" data-e-type=\"section\">\n\t\t\t\t\t\t<div class=\"elementor-container elementor-column-gap-default\">\n\t\t\t\t\t<div class=\"elementor-column elementor-col-100 elementor-top-column elementor-element elementor-element-56221cd\" data-id=\"56221cd\" data-element_type=\"column\" data-e-type=\"column\">\n\t\t\t<div class=\"elementor-widget-wrap elementor-element-populated\">\n\t\t\t\t\t\t<section class=\"elementor-section elementor-inner-section elementor-element elementor-element-de667f4 elementor-section-full_width elementor-section-height-default elementor-section-height-default\" data-id=\"de667f4\" data-element_type=\"section\" data-e-type=\"section\">\n\t\t\t\t\t\t<div class=\"elementor-container elementor-column-gap-default\">\n\t\t\t\t\t<div class=\"elementor-column elementor-col-50 elementor-inner-column elementor-element elementor-element-4d3e007\" data-id=\"4d3e007\" data-element_type=\"column\" data-e-type=\"column\">\n\t\t\t<div class=\"elementor-widget-wrap elementor-element-populated\">\n\t\t\t\t\t\t<div class=\"elementor-element elementor-element-1a134e9 elementor-widget elementor-widget-image\" data-id=\"1a134e9\" data-element_type=\"widget\" data-e-type=\"widget\" data-widget_type=\"image.default\">\n\t\t\t\t<div class=\"elementor-widget-container\">\n\t\t\t\t\t\t\t\t\t\t\t\t\t\t\t<img decoding=\"async\" width=\"960\" height=\"640\" src=\"https:\/\/www.anantaraspa-rome.com\/wp-content\/uploads\/2024\/04\/Anantara_Palazzo_Naiadi_Rome_Hotel_Yoga_at_the_pool-1024x683.jpg\" class=\"attachment-large size-large wp-image-2240\" alt=\"\" srcset=\"https:\/\/www.anantaraspa-rome.com\/wp-content\/uploads\/2024\/04\/Anantara_Palazzo_Naiadi_Rome_Hotel_Yoga_at_the_pool-1024x683.jpg 1024w, https:\/\/www.anantaraspa-rome.com\/wp-content\/uploads\/2024\/04\/Anantara_Palazzo_Naiadi_Rome_Hotel_Yoga_at_the_pool-300x200.jpg 300w, https:\/\/www.anantaraspa-rome.com\/wp-content\/uploads\/2024\/04\/Anantara_Palazzo_Naiadi_Rome_Hotel_Yoga_at_the_pool-768x512.jpg 768w, https:\/\/www.anantaraspa-rome.com\/wp-content\/uploads\/2024\/04\/Anantara_Palazzo_Naiadi_Rome_Hotel_Yoga_at_the_pool.jpg 1382w\" sizes=\"(max-width: 960px) 100vw, 960px\" \/>\t\t\t\t\t\t\t\t\t\t\t\t\t\t\t<\/div>\n\t\t\t\t<\/div>\n\t\t\t\t\t<\/div>\n\t\t<\/div>\n\t\t\t\t<div class=\"elementor-column elementor-col-50 elementor-inner-column elementor-element elementor-element-1c8e71d\" data-id=\"1c8e71d\" data-element_type=\"column\" data-e-type=\"column\">\n\t\t\t<div class=\"elementor-widget-wrap elementor-element-populated\">\n\t\t\t\t\t\t<div class=\"elementor-element elementor-element-e8fce54 elementor-widget elementor-widget-heading\" data-id=\"e8fce54\" data-element_type=\"widget\" data-e-type=\"widget\" data-widget_type=\"heading.default\">\n\t\t\t\t<div class=\"elementor-widget-container\">\n\t\t\t\t\t<h2 class=\"elementor-heading-title elementor-size-medium\">YOGA <\/h2>\t\t\t\t<\/div>\n\t\t\t\t<\/div>\n\t\t\t\t<div class=\"elementor-element elementor-element-352026a elementor-widget elementor-widget-heading\" data-id=\"352026a\" data-element_type=\"widget\" data-e-type=\"widget\" data-widget_type=\"heading.default\">\n\t\t\t\t<div class=\"elementor-widget-container\">\n\t\t\t\t\t<h5 class=\"elementor-heading-title elementor-size-default\">60 minuti, EUR 120 \n<\/h5>\t\t\t\t<\/div>\n\t\t\t\t<\/div>\n\t\t\t\t<div class=\"elementor-element elementor-element-dbafca7 elementor-widget elementor-widget-text-editor\" data-id=\"dbafca7\" data-element_type=\"widget\" data-e-type=\"widget\" data-widget_type=\"text-editor.default\">\n\t\t\t\t<div class=\"elementor-widget-container\">\n\t\t\t\t\t\t\t\t\t<p>Condotta da un maestro esperto, la lezione di yoga riconnette lo spirito con la materia attraverso vari esercizi di respirazione, visualizzazione ed esperienze sensoriali pensate per ricondurvi nel vostro io pi\u00f9 profondo. La lezione privata di Yoga pu\u00f2 essere eseguita da soli o in coppia. Durante la stagione primavera-estate, previa disponibilit\u00e0, l\u2019esperienza potr\u00e0 svolgersi in terrazza. Durante l\u2019autunno e l\u2019inverno nell\u2019area dedicata dell\u2019Anantara Spa. Possibilit\u00e0 anche per piccoli gruppi su richiesta.<\/p>\t\t\t\t\t\t\t\t<\/div>\n\t\t\t\t<\/div>\n\t\t\t\t\t<\/div>\n\t\t<\/div>\n\t\t\t\t\t<\/div>\n\t\t<\/section>\n\t\t\t\t\t<\/div>\n\t\t<\/div>\n\t\t\t\t\t<\/div>\n\t\t<\/section>\n\t\t\t\t<\/div>\n\t\t","protected":false},"excerpt":{"rendered":"<p>Body Activities Previa disponibilit\u00e0 e prenotazione PERSONAL TRAINER ONE TO ONE 60 minuti, EUR 120 Consapevoli e convinti che ogni fisico abbia le proprie caratteristiche. Per questo abbiamo selezionato alcuni dei migliori personal trainer italiani i quali sono disponibili per personalizzare ogni allenamento. PERSONAL RUNNER 60 minuti, EUR 120 Il servizio di personal runner offre [&hellip;]<\/p>\n","protected":false},"author":2,"featured_media":0,"parent":0,"menu_order":0,"comment_status":"closed","ping_status":"closed","template":"","meta":{"footnotes":""},"class_list":["post-2636","page","type-page","status-publish","hentry"],"acf":[],"yoast_head":"<!-- This site is optimized with the Yoast SEO plugin v27.4 - https:\/\/yoast.com\/product\/yoast-seo-wordpress\/ -->\n<title>Body Activities | Anantara Rome Spa<\/title>\n<meta name=\"description\" content=\"All&#039;Anantara Spa di Roma offriamo una vasta gamma di servizi per soddisfare tutte le vostre esigenze di benessere e relax.\" \/>\n<meta name=\"robots\" content=\"index, follow, max-snippet:-1, max-image-preview:large, max-video-preview:-1\" \/>\n<link rel=\"canonical\" href=\"https:\/\/www.anantaraspa-rome.com\/it\/body-activities\/\" \/>\n<meta property=\"og:locale\" content=\"it_IT\" \/>\n<meta property=\"og:type\" content=\"article\" \/>\n<meta property=\"og:title\" content=\"Body Activities | Anantara Rome Spa\" \/>\n<meta property=\"og:description\" content=\"All&#039;Anantara Spa di Roma offriamo una vasta gamma di servizi per soddisfare tutte le vostre esigenze di benessere e relax.\" \/>\n<meta property=\"og:url\" content=\"https:\/\/www.anantaraspa-rome.com\/it\/body-activities\/\" \/>\n<meta property=\"og:site_name\" content=\"Anantara Rome Spa\" \/>\n<meta property=\"article:modified_time\" content=\"2025-06-02T08:25:35+00:00\" \/>\n<meta property=\"og:image\" content=\"https:\/\/www.anantaraspa-rome.com\/wp-content\/uploads\/2024\/04\/Anantara_Palazzo_Naiadi_Fitness_Centre_Gym.jpg\" \/>\n\t<meta property=\"og:image:width\" content=\"1920\" \/>\n\t<meta property=\"og:image:height\" content=\"1281\" \/>\n\t<meta property=\"og:image:type\" content=\"image\/jpeg\" \/>\n<meta name=\"twitter:card\" content=\"summary_large_image\" \/>\n<meta name=\"twitter:label1\" content=\"Est. reading time\" \/>\n\t<meta name=\"twitter:data1\" content=\"2 minutes\" \/>\n<script type=\"application\/ld+json\" class=\"yoast-schema-graph\">{\"@context\":\"https:\\\/\\\/schema.org\",\"@graph\":[{\"@type\":\"WebPage\",\"@id\":\"https:\\\/\\\/www.anantaraspa-rome.com\\\/it\\\/body-activities\\\/\",\"url\":\"https:\\\/\\\/www.anantaraspa-rome.com\\\/it\\\/body-activities\\\/\",\"name\":\"Body Activities | Anantara Rome Spa\",\"isPartOf\":{\"@id\":\"https:\\\/\\\/www.anantaraspa-rome.com\\\/it\\\/#website\"},\"primaryImageOfPage\":{\"@id\":\"https:\\\/\\\/www.anantaraspa-rome.com\\\/it\\\/body-activities\\\/#primaryimage\"},\"image\":{\"@id\":\"https:\\\/\\\/www.anantaraspa-rome.com\\\/it\\\/body-activities\\\/#primaryimage\"},\"thumbnailUrl\":\"https:\\\/\\\/www.anantaraspa-rome.com\\\/wp-content\\\/uploads\\\/2024\\\/04\\\/Anantara_Palazzo_Naiadi_Fitness_Centre_Gym.jpg\",\"datePublished\":\"2024-04-22T11:49:47+00:00\",\"dateModified\":\"2025-06-02T08:25:35+00:00\",\"description\":\"All'Anantara Spa di Roma offriamo una vasta gamma di servizi per soddisfare tutte le vostre esigenze di benessere e relax.\",\"breadcrumb\":{\"@id\":\"https:\\\/\\\/www.anantaraspa-rome.com\\\/it\\\/body-activities\\\/#breadcrumb\"},\"inLanguage\":\"it-IT\",\"potentialAction\":[{\"@type\":\"ReadAction\",\"target\":[\"https:\\\/\\\/www.anantaraspa-rome.com\\\/it\\\/body-activities\\\/\"]}]},{\"@type\":\"ImageObject\",\"inLanguage\":\"it-IT\",\"@id\":\"https:\\\/\\\/www.anantaraspa-rome.com\\\/it\\\/body-activities\\\/#primaryimage\",\"url\":\"https:\\\/\\\/www.anantaraspa-rome.com\\\/wp-content\\\/uploads\\\/2024\\\/04\\\/Anantara_Palazzo_Naiadi_Fitness_Centre_Gym.jpg\",\"contentUrl\":\"https:\\\/\\\/www.anantaraspa-rome.com\\\/wp-content\\\/uploads\\\/2024\\\/04\\\/Anantara_Palazzo_Naiadi_Fitness_Centre_Gym.jpg\"},{\"@type\":\"BreadcrumbList\",\"@id\":\"https:\\\/\\\/www.anantaraspa-rome.com\\\/it\\\/body-activities\\\/#breadcrumb\",\"itemListElement\":[{\"@type\":\"ListItem\",\"position\":1,\"name\":\"Home\",\"item\":\"https:\\\/\\\/www.anantaraspa-rome.com\\\/it\\\/\"},{\"@type\":\"ListItem\",\"position\":2,\"name\":\"Body Activities\"}]},{\"@type\":\"WebSite\",\"@id\":\"https:\\\/\\\/www.anantaraspa-rome.com\\\/it\\\/#website\",\"url\":\"https:\\\/\\\/www.anantaraspa-rome.com\\\/it\\\/\",\"name\":\"Anantara Rome Spa\",\"description\":\"\",\"publisher\":{\"@id\":\"https:\\\/\\\/www.anantaraspa-rome.com\\\/it\\\/#organization\"},\"potentialAction\":[{\"@type\":\"SearchAction\",\"target\":{\"@type\":\"EntryPoint\",\"urlTemplate\":\"https:\\\/\\\/www.anantaraspa-rome.com\\\/it\\\/?s={search_term_string}\"},\"query-input\":{\"@type\":\"PropertyValueSpecification\",\"valueRequired\":true,\"valueName\":\"search_term_string\"}}],\"inLanguage\":\"it-IT\"},{\"@type\":\"Organization\",\"@id\":\"https:\\\/\\\/www.anantaraspa-rome.com\\\/it\\\/#organization\",\"name\":\"Anantara Rome Spa\",\"url\":\"https:\\\/\\\/www.anantaraspa-rome.com\\\/it\\\/\",\"logo\":{\"@type\":\"ImageObject\",\"inLanguage\":\"it-IT\",\"@id\":\"https:\\\/\\\/www.anantaraspa-rome.com\\\/it\\\/#\\\/schema\\\/logo\\\/image\\\/\",\"url\":\"https:\\\/\\\/www.anantaraspa-rome.com\\\/wp-content\\\/uploads\\\/2024\\\/04\\\/logo.png\",\"contentUrl\":\"https:\\\/\\\/www.anantaraspa-rome.com\\\/wp-content\\\/uploads\\\/2024\\\/04\\\/logo.png\",\"width\":125,\"height\":62,\"caption\":\"Anantara Rome Spa\"},\"image\":{\"@id\":\"https:\\\/\\\/www.anantaraspa-rome.com\\\/it\\\/#\\\/schema\\\/logo\\\/image\\\/\"}}]}<\/script>\n<!-- \/ Yoast SEO plugin. -->","yoast_head_json":{"title":"Body Activities | Anantara Rome Spa","description":"All'Anantara Spa di Roma offriamo una vasta gamma di servizi per soddisfare tutte le vostre esigenze di benessere e relax.","robots":{"index":"index","follow":"follow","max-snippet":"max-snippet:-1","max-image-preview":"max-image-preview:large","max-video-preview":"max-video-preview:-1"},"canonical":"https:\/\/www.anantaraspa-rome.com\/it\/body-activities\/","og_locale":"it_IT","og_type":"article","og_title":"Body Activities | Anantara Rome Spa","og_description":"All'Anantara Spa di Roma offriamo una vasta gamma di servizi per soddisfare tutte le vostre esigenze di benessere e relax.","og_url":"https:\/\/www.anantaraspa-rome.com\/it\/body-activities\/","og_site_name":"Anantara Rome Spa","article_modified_time":"2025-06-02T08:25:35+00:00","og_image":[{"width":1920,"height":1281,"url":"https:\/\/www.anantaraspa-rome.com\/wp-content\/uploads\/2024\/04\/Anantara_Palazzo_Naiadi_Fitness_Centre_Gym.jpg","type":"image\/jpeg"}],"twitter_card":"summary_large_image","twitter_misc":{"Est. reading time":"2 minutes"},"schema":{"@context":"https:\/\/schema.org","@graph":[{"@type":"WebPage","@id":"https:\/\/www.anantaraspa-rome.com\/it\/body-activities\/","url":"https:\/\/www.anantaraspa-rome.com\/it\/body-activities\/","name":"Body Activities | Anantara Rome Spa","isPartOf":{"@id":"https:\/\/www.anantaraspa-rome.com\/it\/#website"},"primaryImageOfPage":{"@id":"https:\/\/www.anantaraspa-rome.com\/it\/body-activities\/#primaryimage"},"image":{"@id":"https:\/\/www.anantaraspa-rome.com\/it\/body-activities\/#primaryimage"},"thumbnailUrl":"https:\/\/www.anantaraspa-rome.com\/wp-content\/uploads\/2024\/04\/Anantara_Palazzo_Naiadi_Fitness_Centre_Gym.jpg","datePublished":"2024-04-22T11:49:47+00:00","dateModified":"2025-06-02T08:25:35+00:00","description":"All'Anantara Spa di Roma offriamo una vasta gamma di servizi per soddisfare tutte le vostre esigenze di benessere e relax.","breadcrumb":{"@id":"https:\/\/www.anantaraspa-rome.com\/it\/body-activities\/#breadcrumb"},"inLanguage":"it-IT","potentialAction":[{"@type":"ReadAction","target":["https:\/\/www.anantaraspa-rome.com\/it\/body-activities\/"]}]},{"@type":"ImageObject","inLanguage":"it-IT","@id":"https:\/\/www.anantaraspa-rome.com\/it\/body-activities\/#primaryimage","url":"https:\/\/www.anantaraspa-rome.com\/wp-content\/uploads\/2024\/04\/Anantara_Palazzo_Naiadi_Fitness_Centre_Gym.jpg","contentUrl":"https:\/\/www.anantaraspa-rome.com\/wp-content\/uploads\/2024\/04\/Anantara_Palazzo_Naiadi_Fitness_Centre_Gym.jpg"},{"@type":"BreadcrumbList","@id":"https:\/\/www.anantaraspa-rome.com\/it\/body-activities\/#breadcrumb","itemListElement":[{"@type":"ListItem","position":1,"name":"Home","item":"https:\/\/www.anantaraspa-rome.com\/it\/"},{"@type":"ListItem","position":2,"name":"Body Activities"}]},{"@type":"WebSite","@id":"https:\/\/www.anantaraspa-rome.com\/it\/#website","url":"https:\/\/www.anantaraspa-rome.com\/it\/","name":"Anantara Rome Spa","description":"","publisher":{"@id":"https:\/\/www.anantaraspa-rome.com\/it\/#organization"},"potentialAction":[{"@type":"SearchAction","target":{"@type":"EntryPoint","urlTemplate":"https:\/\/www.anantaraspa-rome.com\/it\/?s={search_term_string}"},"query-input":{"@type":"PropertyValueSpecification","valueRequired":true,"valueName":"search_term_string"}}],"inLanguage":"it-IT"},{"@type":"Organization","@id":"https:\/\/www.anantaraspa-rome.com\/it\/#organization","name":"Anantara Rome Spa","url":"https:\/\/www.anantaraspa-rome.com\/it\/","logo":{"@type":"ImageObject","inLanguage":"it-IT","@id":"https:\/\/www.anantaraspa-rome.com\/it\/#\/schema\/logo\/image\/","url":"https:\/\/www.anantaraspa-rome.com\/wp-content\/uploads\/2024\/04\/logo.png","contentUrl":"https:\/\/www.anantaraspa-rome.com\/wp-content\/uploads\/2024\/04\/logo.png","width":125,"height":62,"caption":"Anantara Rome Spa"},"image":{"@id":"https:\/\/www.anantaraspa-rome.com\/it\/#\/schema\/logo\/image\/"}}]}},"_links":{"self":[{"href":"https:\/\/www.anantaraspa-rome.com\/it\/wp-json\/wp\/v2\/pages\/2636","targetHints":{"allow":["GET"]}}],"collection":[{"href":"https:\/\/www.anantaraspa-rome.com\/it\/wp-json\/wp\/v2\/pages"}],"about":[{"href":"https:\/\/www.anantaraspa-rome.com\/it\/wp-json\/wp\/v2\/types\/page"}],"author":[{"embeddable":true,"href":"https:\/\/www.anantaraspa-rome.com\/it\/wp-json\/wp\/v2\/users\/2"}],"replies":[{"embeddable":true,"href":"https:\/\/www.anantaraspa-rome.com\/it\/wp-json\/wp\/v2\/comments?post=2636"}],"version-history":[{"count":6,"href":"https:\/\/www.anantaraspa-rome.com\/it\/wp-json\/wp\/v2\/pages\/2636\/revisions"}],"predecessor-version":[{"id":2806,"href":"https:\/\/www.anantaraspa-rome.com\/it\/wp-json\/wp\/v2\/pages\/2636\/revisions\/2806"}],"wp:attachment":[{"href":"https:\/\/www.anantaraspa-rome.com\/it\/wp-json\/wp\/v2\/media?parent=2636"}],"curies":[{"name":"wp","href":"https:\/\/api.w.org\/{rel}","templated":true}]}}